{"id":7338,"date":"2017-04-13T08:32:10","date_gmt":"2017-04-13T13:32:10","guid":{"rendered":"http:\/\/modeltheme.com\/mt_yankee\/?page_id=7338"},"modified":"2021-08-19T09:11:04","modified_gmt":"2021-08-19T14:11:04","slug":"quienes-somos","status":"publish","type":"page","link":"https:\/\/primepoolusa.com\/index.php\/quienes-somos\/","title":{"rendered":"\u00bfQui\u00e9nes somos?"},"content":{"rendered":"<div data-vc-full-width=\"true\" data-vc-full-width-init=\"false\" class=\"vc_row wpb_row vc_row-fluid vc_custom_1497860266636 vc_row-has-fill\"><div class=\"wpb_column vc_column_container vc_col-sm-12\"><div class=\"vc_column-inner\"><div class=\"wpb_wrapper\">\n\t<div  class=\"wpb_single_image wpb_content_element vc_align_center\">\n\t\t\n\t\t<figure class=\"wpb_wrapper vc_figure\">\n\t\t\t<div class=\"vc_single_image-wrapper   vc_box_border_grey\"><img loading=\"lazy\" decoding=\"async\" class=\"vc_single_image-img \" src=\"https:\/\/primepoolusa.com\/wp-content\/uploads\/2021\/06\/final_LOGO_PRIMEPOOL_Mesa-de-trabajo-1-400x238.png\" width=\"400\" height=\"238\" alt=\"final_LOGO_PRIMEPOOL_Mesa de trabajo 1\" title=\"final_LOGO_PRIMEPOOL_Mesa de trabajo 1\" \/><\/div>\n\t\t<\/figure>\n\t<\/div>\n<div class=\"vc_row wpb_row vc_inner vc_row-fluid vc_custom_1497860405403\"><div class=\"wpb_column vc_column_container vc_col-sm-6\"><div class=\"vc_column-inner\"><div class=\"wpb_wrapper\"><h1 style=\"font-size: 24px;color: #0088cc;line-height: 22px;text-align: left;font-family:Montserrat;font-weight:700;font-style:normal\" class=\"vc_custom_heading vc_custom_1624492648713\" >\u00bfQui\u00e9nes Somos?<\/h1><h1 style=\"font-size: 20px;color: #252525;line-height: 45px;text-align: left\" class=\"vc_custom_heading vc_custom_1624492737940\" >Mantenimiento, limpieza y suministro de Equipos<\/h1>\n\t<div class=\"wpb_text_column wpb_content_element  vc_custom_1629379881242\" >\n\t\t<div class=\"wpb_wrapper\">\n\t\t\t<p><img loading=\"lazy\" decoding=\"async\" class=\"wp-image-7994 aligncenter\" src=\"http:\/\/primepoolusa.com\/wp-content\/uploads\/2021\/06\/sr-e1624492515117-300x296.jpg\" alt=\"\" width=\"185\" height=\"183\" srcset=\"https:\/\/primepoolusa.com\/wp-content\/uploads\/2021\/06\/sr-e1624492515117-300x296.jpg 300w, https:\/\/primepoolusa.com\/wp-content\/uploads\/2021\/06\/sr-e1624492515117-100x100.jpg 100w, https:\/\/primepoolusa.com\/wp-content\/uploads\/2021\/06\/sr-e1624492515117-12x12.jpg 12w, https:\/\/primepoolusa.com\/wp-content\/uploads\/2021\/06\/sr-e1624492515117.jpg 453w\" sizes=\"auto, (max-width: 185px) 100vw, 185px\" \/><\/p>\n<p style=\"text-align: justify;\">Prime Pool Services and Repairs LLC. Es el resultado de 20 a\u00f1os de mi experiencia como empleado y trabajador independiente en los servicios de mantenimiento, reparaci\u00f3n, optimizaci\u00f3n e intalaciones el\u00e9ctricas en zonas h\u00famedas como piscinas y jacuzzis<\/p>\n<p style=\"text-align: justify;\">Como fundador de Prime Pool mi compromiso es fortificar nuestros valores corporativos, los cuales a nivel personal son la esencia de mi formaci\u00f3n; de los cuales nuestros clientes gozar\u00e1n de una compa\u00f1\u00eda solidaria, justa, respetuosa, comprometida, honesta y de calidad, Es por eso que <strong>\u00a1Garantizamos nuestro trabajo!<\/strong><\/p>\n\n\t\t<\/div>\n\t<\/div>\n<\/div><\/div><\/div><div class=\"wpb_column vc_column_container vc_col-sm-6\"><div class=\"vc_column-inner\"><div class=\"wpb_wrapper\">\n\t<div  class=\"wpb_single_image wpb_content_element vc_align_center\">\n\t\t\n\t\t<figure class=\"wpb_wrapper vc_figure\">\n\t\t\t<div class=\"vc_single_image-wrapper   vc_box_border_grey\"><img loading=\"lazy\" decoding=\"async\" width=\"417\" height=\"626\" src=\"https:\/\/primepoolusa.com\/wp-content\/uploads\/2021\/06\/hombre-mayor-limpieza-piscina-dia-soleado_107420-98690.jpg\" class=\"vc_single_image-img attachment-full\" alt=\"\" srcset=\"https:\/\/primepoolusa.com\/wp-content\/uploads\/2021\/06\/hombre-mayor-limpieza-piscina-dia-soleado_107420-98690.jpg 417w, https:\/\/primepoolusa.com\/wp-content\/uploads\/2021\/06\/hombre-mayor-limpieza-piscina-dia-soleado_107420-98690-200x300.jpg 200w, https:\/\/primepoolusa.com\/wp-content\/uploads\/2021\/06\/hombre-mayor-limpieza-piscina-dia-soleado_107420-98690-320x480.jpg 320w, https:\/\/primepoolusa.com\/wp-content\/uploads\/2021\/06\/hombre-mayor-limpieza-piscina-dia-soleado_107420-98690-8x12.jpg 8w\" sizes=\"auto, (max-width: 417px) 100vw, 417px\" \/><\/div>\n\t\t<\/figure>\n\t<\/div>\n<\/div><\/div><\/div><\/div><\/div><\/div><\/div><\/div><div class=\"vc_row-full-width vc_clearfix\"><\/div><div data-vc-full-width=\"true\" data-vc-full-width-init=\"false\" class=\"vc_row wpb_row vc_row-fluid vc_custom_1629381880742 vc_row-has-fill\"><div class=\"wpb_column vc_column_container vc_col-sm-12\"><div class=\"vc_column-inner vc_custom_1497859510254\"><div class=\"wpb_wrapper\"><h2 style=\"font-size: 30px;color: #ffffff;line-height: 30px;text-align: center;font-family:Ubuntu;font-weight:400;font-style:normal\" class=\"vc_custom_heading vc_custom_1629382246826\" >Evita gastar m\u00e1s deja tu piscina en manos profesionales <a href=\"tel:+7023157955683\">Ll\u00e1manos ya (+702)7422170<\/a><\/h2><\/div><\/div><\/div><\/div><div class=\"vc_row-full-width vc_clearfix\"><\/div><div data-vc-full-width=\"true\" data-vc-full-width-init=\"false\" data-vc-stretch-content=\"true\" class=\"vc_row wpb_row vc_row-fluid vc_custom_1629381777046 vc_row-has-fill vc_row-no-padding\"><div class=\"wpb_column vc_column_container vc_col-sm-3\"><div class=\"vc_column-inner vc_custom_1492000226516\"><div class=\"wpb_wrapper\">[mt_skill icon_or_image=&#8221;choosed_nothing&#8221; title=&#8221;Piscinas intervenidas&#8221; border_color=&#8221;#0088cc&#8221; text_color_value=&#8221;#ffffff&#8221; number_color_value=&#8221;#ffffff&#8221; skillvalue=&#8221;115&#8243; animation=&#8221;bounce&#8221;]<\/div><\/div><\/div><div class=\"wpb_column vc_column_container vc_col-sm-3\"><div class=\"vc_column-inner vc_custom_1492000233292\"><div class=\"wpb_wrapper\">[mt_skill icon_or_image=&#8221;choosed_nothing&#8221; title=&#8221;Reparaciones realizadas&#8221; border_color=&#8221;#0088cc&#8221; text_color_value=&#8221;#ffffff&#8221; number_color_value=&#8221;#ffffff&#8221; skillvalue=&#8221;140&#8243; animation=&#8221;bounce&#8221;]<\/div><\/div><\/div><div class=\"wpb_column vc_column_container vc_col-sm-3\"><div class=\"vc_column-inner vc_custom_1629381685905\"><div class=\"wpb_wrapper\">[mt_skill icon_or_image=&#8221;choosed_nothing&#8221; title=&#8221;Instalaciones de equipos&#8221; border_color=&#8221;#0088cc&#8221; text_color_value=&#8221;#ffffff&#8221; number_color_value=&#8221;#ffffff&#8221; skillvalue=&#8221;118&#8243; animation=&#8221;bounce&#8221;]<\/div><\/div><\/div><div class=\"wpb_column vc_column_container vc_col-sm-3\"><div class=\"vc_column-inner vc_custom_1492000248619\"><div class=\"wpb_wrapper\">[mt_skill icon_or_image=&#8221;choosed_nothing&#8221; title=&#8221;Clientes Felices&#8221; border_color=&#8221;#0088cc&#8221; text_color_value=&#8221;#ffffff&#8221; number_color_value=&#8221;#ffffff&#8221; skillvalue=&#8221;212&#8243; animation=&#8221;bounce&#8221;]<\/div><\/div><\/div><\/div><div class=\"vc_row-full-width vc_clearfix\"><\/div>\n","protected":false},"excerpt":{"rendered":"\u00bfQui\u00e9nes Somos?Mantenimiento, limpieza y suministro de Equipos Prime Pool Services and Repairs LLC. Es el resultado de 20 a\u00f1os de mi experiencia como empleado y trabajador independiente en los servicios de mantenimiento, reparaci\u00f3n, optimizaci\u00f3n e intalaciones el\u00e9ctricas en zonas h\u00famedas como piscinas y jacuzzis Como fundador de Prime Pool mi compromiso es fortificar nuestros valores [...]","protected":false},"author":2,"featured_media":7682,"parent":0,"menu_order":0,"comment_status":"closed","ping_status":"closed","template":"","meta":{"om_disable_all_campaigns":false,"rs_blank_template":"","rs_page_bg_color":"","slide_template_v7":"","_monsterinsights_skip_tracking":false,"_monsterinsights_sitenote_active":false,"_monsterinsights_sitenote_note":"","_monsterinsights_sitenote_category":0,"footnotes":""},"class_list":["post-7338","page","type-page","status-publish","has-post-thumbnail","hentry"],"aioseo_notices":[],"_links":{"self":[{"href":"https:\/\/primepoolusa.com\/index.php\/wp-json\/wp\/v2\/pages\/7338","targetHints":{"allow":["GET"]}}],"collection":[{"href":"https:\/\/primepoolusa.com\/index.php\/wp-json\/wp\/v2\/pages"}],"about":[{"href":"https:\/\/primepoolusa.com\/index.php\/wp-json\/wp\/v2\/types\/page"}],"author":[{"embeddable":true,"href":"https:\/\/primepoolusa.com\/index.php\/wp-json\/wp\/v2\/users\/2"}],"replies":[{"embeddable":true,"href":"https:\/\/primepoolusa.com\/index.php\/wp-json\/wp\/v2\/comments?post=7338"}],"version-history":[{"count":8,"href":"https:\/\/primepoolusa.com\/index.php\/wp-json\/wp\/v2\/pages\/7338\/revisions"}],"predecessor-version":[{"id":8124,"href":"https:\/\/primepoolusa.com\/index.php\/wp-json\/wp\/v2\/pages\/7338\/revisions\/8124"}],"wp:featuredmedia":[{"embeddable":true,"href":"https:\/\/primepoolusa.com\/index.php\/wp-json\/"}],"wp:attachment":[{"href":"https:\/\/primepoolusa.com\/index.php\/wp-json\/wp\/v2\/media?parent=7338"}],"curies":[{"name":"wp","href":"https:\/\/api.w.org\/{rel}","templated":true}]}}