{"id":7385,"date":"2017-04-13T12:01:40","date_gmt":"2017-04-13T12:01:40","guid":{"rendered":"http:\/\/modeltheme.com\/mt_yankee\/?page_id=7385"},"modified":"2021-08-28T10:44:42","modified_gmt":"2021-08-28T15:44:42","slug":"contactanos","status":"publish","type":"page","link":"https:\/\/primepoolusa.com\/index.php\/contactanos\/","title":{"rendered":"Cont\u00e1ctanos"},"content":{"rendered":"<div data-vc-full-width=\"true\" data-vc-full-width-init=\"false\" class=\"vc_row wpb_row vc_row-fluid vc_custom_1497873678819 vc_row-has-fill\"><div class=\"wpb_column vc_column_container vc_col-sm-12\"><div class=\"vc_column-inner\"><div class=\"wpb_wrapper\"><div class=\"vc_row wpb_row vc_inner vc_row-fluid\"><div class=\"wpb_column vc_column_container vc_col-sm-6\"><div class=\"vc_column-inner\"><div class=\"wpb_wrapper\"><h1 style=\"font-size: 24px;color: #0088cc;line-height: 22px;text-align: left;font-family:Montserrat;font-weight:700;font-style:normal\" class=\"vc_custom_heading vc_custom_1624648000668\" >CONT\u00c1CTANOS<\/h1><h1 style=\"font-size: 40px;color: #252525;line-height: 45px;text-align: left\" class=\"vc_custom_heading vc_custom_1629835567738\" >Programa Nuestra Visita o Cotiza Nuestros Servicios<\/h1>\n\t<div class=\"wpb_text_column wpb_content_element  vc_custom_1629401802506\" >\n\t\t<div class=\"wpb_wrapper\">\n\t\t\t<h2 style=\"text-align: left;\"><strong>D\u00e9janos saber que necesitas<\/strong><\/h2>\n\n\t\t<\/div>\n\t<\/div>\n<p class=\"wpcf7-contact-form-not-found\"><strong>Error:<\/strong> Formulario de contacto no encontrado.<\/p><\/div><\/div><\/div><div class=\"wpb_column vc_column_container vc_col-sm-6\"><div class=\"vc_column-inner\"><div class=\"wpb_wrapper\"><div class=\"wpb_gmaps_widget wpb_content_element\"><div class=\"wpb_wrapper\"><div class=\"wpb_map_wraper\"><iframe src=\"https:\/\/www.google.com\/maps\/embed?pb=!1m18!1m12!1m3!1d412508.1860578919!2d-115.45518692834202!3d36.124673764267634!2m3!1f0!2f0!3f0!3m2!1i1024!2i768!4f13.1!3m3!1m2!1s0x80beb782a4f57dd1%3A0x3accd5e6d5b379a3!2sLas%20Vegas%2C%20Nevada%2C%20EE.%20UU.!5e0!3m2!1ses!2sco!4v1624647150150!5m2!1ses!2sco\" width=\"600\" height=\"600\" style=\"border:0;\" allowfullscreen=\"\" loading=\"lazy\"><\/iframe><\/div><\/div><\/div><\/div><\/div><\/div><\/div><\/div><\/div><\/div><\/div><div class=\"vc_row-full-width vc_clearfix\"><\/div><div data-vc-full-width=\"true\" data-vc-full-width-init=\"false\" class=\"vc_row wpb_row vc_row-fluid vc_custom_1497860594764 vc_row-has-fill\"><div class=\"wpb_column vc_column_container vc_col-sm-12\"><div class=\"vc_column-inner vc_custom_1497859510254\"><div class=\"wpb_wrapper\"><h2 style=\"font-size: 30px;color: #ffffff;line-height: 30px;text-align: center;font-family:Ubuntu;font-weight:400;font-style:normal\" class=\"vc_custom_heading vc_custom_1629401892210\" >Evita gastar m\u00e1s deja tu piscina en manos profesionales <a href=\"tel:+7023157955683\">Ll\u00e1manos ya (+702)7422170<\/a><\/h2><h2 style=\"font-size: 30px;color: #ffffff;line-height: 30px;text-align: center;font-family:Ubuntu;font-weight:400;font-style:normal\" class=\"vc_custom_heading vc_custom_1629401927712\" ><a href=\"sms:\/\/+7027422170\"> o env\u00edanos un SMS <i class=\"fa fa-envelope\" aria-hidden=\"true\"><\/i>  (+702)7422170<\/a><\/h2><div class=\"vc_empty_space\"   style=\"height: 80px\"><span class=\"vc_empty_space_inner\"><\/span><\/div><\/div><\/div><\/div><\/div><div class=\"vc_row-full-width vc_clearfix\"><\/div>\n","protected":false},"excerpt":{"rendered":"CONT\u00c1CTANOSPrograma Nuestra Visita o Cotiza Nuestros Servicios D\u00e9janos saber que necesitas Error: Formulario de contacto no encontrado.Evita gastar m\u00e1s deja tu piscina en manos profesionales Ll\u00e1manos ya (+702)7422170 o env\u00edanos un SMS (+702)7422170","protected":false},"author":2,"featured_media":7682,"parent":0,"menu_order":0,"comment_status":"closed","ping_status":"closed","template":"","meta":{"om_disable_all_campaigns":false,"rs_blank_template":"","rs_page_bg_color":"","slide_template_v7":"","_monsterinsights_skip_tracking":false,"_monsterinsights_sitenote_active":false,"_monsterinsights_sitenote_note":"","_monsterinsights_sitenote_category":0,"footnotes":""},"class_list":["post-7385","page","type-page","status-publish","has-post-thumbnail","hentry"],"aioseo_notices":[],"_links":{"self":[{"href":"https:\/\/primepoolusa.com\/index.php\/wp-json\/wp\/v2\/pages\/7385","targetHints":{"allow":["GET"]}}],"collection":[{"href":"https:\/\/primepoolusa.com\/index.php\/wp-json\/wp\/v2\/pages"}],"about":[{"href":"https:\/\/primepoolusa.com\/index.php\/wp-json\/wp\/v2\/types\/page"}],"author":[{"embeddable":true,"href":"https:\/\/primepoolusa.com\/index.php\/wp-json\/wp\/v2\/users\/2"}],"replies":[{"embeddable":true,"href":"https:\/\/primepoolusa.com\/index.php\/wp-json\/wp\/v2\/comments?post=7385"}],"version-history":[{"count":10,"href":"https:\/\/primepoolusa.com\/index.php\/wp-json\/wp\/v2\/pages\/7385\/revisions"}],"predecessor-version":[{"id":8247,"href":"https:\/\/primepoolusa.com\/index.php\/wp-json\/wp\/v2\/pages\/7385\/revisions\/8247"}],"wp:featuredmedia":[{"embeddable":true,"href":"https:\/\/primepoolusa.com\/index.php\/wp-json\/"}],"wp:attachment":[{"href":"https:\/\/primepoolusa.com\/index.php\/wp-json\/wp\/v2\/media?parent=7385"}],"curies":[{"name":"wp","href":"https:\/\/api.w.org\/{rel}","templated":true}]}}