{"id":7681,"date":"2017-06-06T12:44:39","date_gmt":"2017-06-06T17:44:39","guid":{"rendered":"http:\/\/modeltheme.com\/mt_jellypool\/?page_id=7681"},"modified":"2021-08-28T10:49:07","modified_gmt":"2021-08-28T15:49:07","slug":"como-trabajamos","status":"publish","type":"page","link":"https:\/\/primepoolusa.com\/index.php\/como-trabajamos\/","title":{"rendered":"Trabaja con Nosotros"},"content":{"rendered":"<div data-vc-full-width=\"true\" data-vc-full-width-init=\"false\" class=\"vc_row wpb_row vc_row-fluid vc_custom_1496904984032 vc_row-has-fill\"><div class=\"wpb_column vc_column_container vc_col-sm-12\"><div class=\"vc_column-inner\"><div class=\"wpb_wrapper\">\n\t<div class=\"wpb_text_column wpb_content_element  vc_custom_1629385927184\" >\n\t\t<div class=\"wpb_wrapper\">\n\t\t\t<p style=\"text-align: center;\"><span style=\"color: #ffffff;\">Somos una empresa con m\u00e1s de 20 a\u00f1os ofreciendo nuestros servicios, Si cuentas con experiencia, escr\u00edbenos y<\/span><\/p>\n\n\t\t<\/div>\n\t<\/div>\n\n\t<div class=\"wpb_text_column wpb_content_element \" >\n\t\t<div class=\"wpb_wrapper\">\n\t\t\t<p style=\"text-align: center; font-size: 60px;\"><span style=\"color: #ffffff;\">S\u00e9 parte del mejor equipo de trabajo<\/span><\/p>\n\n\t\t<\/div>\n\t<\/div>\n<\/div><\/div><\/div><\/div><div class=\"vc_row-full-width vc_clearfix\"><\/div><div data-vc-full-width=\"true\" data-vc-full-width-init=\"false\" class=\"vc_row wpb_row vc_row-fluid vc_custom_1496904887472 vc_row-has-fill\"><div class=\"wpb_column vc_column_container vc_col-sm-6\"><div class=\"vc_column-inner\"><div class=\"wpb_wrapper\"><p class=\"wpcf7-contact-form-not-found\"><strong>Error:<\/strong> Formulario de contacto no encontrado.<\/p><div class=\"vc_empty_space\"   style=\"height: 100px\"><span class=\"vc_empty_space_inner\"><\/span><\/div><\/div><\/div><\/div><div class=\"wpb_column vc_column_container vc_col-sm-6\"><div class=\"vc_column-inner\"><div class=\"wpb_wrapper\"><div class=\"vc_empty_space\"   style=\"height: 87px\"><span class=\"vc_empty_space_inner\"><\/span><\/div>\n\t<div  class=\"wpb_single_image wpb_content_element vc_align_left\">\n\t\t\n\t\t<figure class=\"wpb_wrapper vc_figure\">\n\t\t\t<div class=\"vc_single_image-wrapper   vc_box_border_grey\"><img loading=\"lazy\" decoding=\"async\" width=\"920\" height=\"836\" src=\"https:\/\/primepoolusa.com\/wp-content\/uploads\/2021\/08\/unete.png\" class=\"vc_single_image-img attachment-full\" alt=\"\" srcset=\"https:\/\/primepoolusa.com\/wp-content\/uploads\/2021\/08\/unete.png 920w, https:\/\/primepoolusa.com\/wp-content\/uploads\/2021\/08\/unete-300x273.png 300w, https:\/\/primepoolusa.com\/wp-content\/uploads\/2021\/08\/unete-768x698.png 768w, https:\/\/primepoolusa.com\/wp-content\/uploads\/2021\/08\/unete-13x12.png 13w\" sizes=\"auto, (max-width: 920px) 100vw, 920px\" \/><\/div>\n\t\t<\/figure>\n\t<\/div>\n<\/div><\/div><\/div><\/div><div class=\"vc_row-full-width vc_clearfix\"><\/div>\n","protected":false},"excerpt":{"rendered":"Somos una empresa con m\u00e1s de 20 a\u00f1os ofreciendo nuestros servicios, Si cuentas con experiencia, escr\u00edbenos y S\u00e9 parte del mejor equipo de trabajo Error: Formulario de contacto no encontrado.","protected":false},"author":2,"featured_media":7682,"parent":0,"menu_order":0,"comment_status":"closed","ping_status":"closed","template":"","meta":{"om_disable_all_campaigns":false,"rs_blank_template":"","rs_page_bg_color":"","slide_template_v7":"","_monsterinsights_skip_tracking":false,"_monsterinsights_sitenote_active":false,"_monsterinsights_sitenote_note":"","_monsterinsights_sitenote_category":0,"footnotes":""},"class_list":["post-7681","page","type-page","status-publish","has-post-thumbnail","hentry"],"aioseo_notices":[],"_links":{"self":[{"href":"https:\/\/primepoolusa.com\/index.php\/wp-json\/wp\/v2\/pages\/7681","targetHints":{"allow":["GET"]}}],"collection":[{"href":"https:\/\/primepoolusa.com\/index.php\/wp-json\/wp\/v2\/pages"}],"about":[{"href":"https:\/\/primepoolusa.com\/index.php\/wp-json\/wp\/v2\/types\/page"}],"author":[{"embeddable":true,"href":"https:\/\/primepoolusa.com\/index.php\/wp-json\/wp\/v2\/users\/2"}],"replies":[{"embeddable":true,"href":"https:\/\/primepoolusa.com\/index.php\/wp-json\/wp\/v2\/comments?post=7681"}],"version-history":[{"count":6,"href":"https:\/\/primepoolusa.com\/index.php\/wp-json\/wp\/v2\/pages\/7681\/revisions"}],"predecessor-version":[{"id":8248,"href":"https:\/\/primepoolusa.com\/index.php\/wp-json\/wp\/v2\/pages\/7681\/revisions\/8248"}],"wp:featuredmedia":[{"embeddable":true,"href":"https:\/\/primepoolusa.com\/index.php\/wp-json\/"}],"wp:attachment":[{"href":"https:\/\/primepoolusa.com\/index.php\/wp-json\/wp\/v2\/media?parent=7681"}],"curies":[{"name":"wp","href":"https:\/\/api.w.org\/{rel}","templated":true}]}}